{"id":1961,"date":"2021-01-02T16:46:43","date_gmt":"2021-01-02T16:46:43","guid":{"rendered":"https:\/\/staging.chutzegruess.ch\/?page_id=1961"},"modified":"2021-01-02T16:46:43","modified_gmt":"2021-01-02T16:46:43","slug":"kant-jodlerfest-2013-tramelan-festbericht","status":"publish","type":"page","link":"https:\/\/chutzegruess.ch\/?page_id=1961","title":{"rendered":"Kant. Jodlerfest 2013 Tramelan: Festbericht"},"content":{"rendered":"\n<p>Am Samstag, 15. Juni 2013 reisten wir mit dem Auto bei strahlendem Sonnenschein durch den wundersch\u00f6nen Berner Jura nach Tramelan. Genau 10 Jahre nach unserem ersten gemeinsamen Jodlerfest in Kirchberg. Mit dem Shuttle-Bus gings auf direktem Weg zum Alphornplatz \u2013 wo wir eigentlich (noch) gar nicht hin wollten. Aber \u201eH\u00f6rner\u201c machen offenbar Leute&#8230;<\/p>\n\n\n\n<p>Mit Kaffee und Sandwich gest\u00e4rkt gings dann auch gliche zur Sache. Nach dem Einspiel haben wir uns noch kurz \u00fcberlegt ob wir doch eventuell noch die Stimmen oder doch das ganze St\u00fcck tauschen sollen. Die Vernunft hat dann aber doch \u2013wenigstens f\u00fcr den Moment\u2013 gesiegt und wir liessen alles beim Alten.<\/p>\n\n\n\n<p>Nach einem feinen Mittagessen und ein paar gem\u00fctlichen Stunden auf dem Festgel\u00e4nde gings zur\u00fcck ins Hotel. Dieser Gang f\u00fchrte uns am Stand von Heinz und Marietta Tschiemer mit ihren Bernatone-Alph\u00f6rnern vorbei (ganz e liebe Gruess uf Habkere a dere Steu :-))!). Kurz ein neues Mundst\u00fcck ausprobieren und dieses dann auch gleich im Wettvortrag einsetzten? Das macht wohl wirklich kein normaler Mensch. Und schon gar kein normaler Alphornbl\u00e4ser! Aber es gibt ja auch noch die nicht ganz normalen. Und zu dieser Sorte geh\u00f6ren wir dann wohl eher. Gisela hat das neue Prunkst\u00fcck jedenfalls knapp zwei Stunden sp\u00e4ter vor der Jury erstmals so richtig ausprobiert.<\/p>\n\n\n\n<p>Dass der ganze Vortrag dann ziemlich in die Hosen ging, lag an verschiedenen Punkten. Aber das neue Mundst\u00fcck war dabei sicher eher unbedeutend: wenn man z.B. vor lauter Zittern in den H\u00e4nden und Armen das Alphorn nicht mehr richtig halten kann, wird es relativ schwierig, einen geraden Ton zu spielen&#8230; Soll mal einer sagen, mit zunehmendem Alter und Erfahrung werde das besser! Dann bin ich wohl die Ausnahme, welche diese Regel best\u00e4tigt.<\/p>\n\n\n\n<p>Aber ein echter Chutzegruess l\u00e4sst den Kopf nicht h\u00e4ngen und nimmt\u2019s mit Humor. Oder Weisswein. Oder beidem. Auf jeden Fall war das anschliessende Fest sehr gem\u00fctlich und fr\u00f6hlich. Halt einfach so, wie ein richtiges Jodlerfest sein soll! Und so ganz nebenbei haben wir enorm vie-l\u00fc-ber die Regeln und Vorgaben bei den Jodel-Vortr\u00e4gen erfahren. Merci \u00c4du!<\/p>\n\n\n\n<p>Die Klassierungsliste war f\u00fcr uns auch schon spannender und erfreulicher. Immerhin haben wir 10 Vortr\u00e4ge gebraucht, um erstmals mit einer 3 klassiert zu werden. Sicher kein Resultat, auf welches wir besonders stolz sind. Aber nach dem Fest ist ja bekanntlich vor dem Fest. Und so steht bereits am Montagabend die n\u00e4chste Probe auf dem Plan.<\/p>\n\n\n\n<p>Ein weiterer H\u00f6hepunkt eines jeden Jodlerfestes kommt immer ganz zum Schluss. Der Empfang durch unsere Liebsten. Dieses Jahr fand das gem\u00fctliche Br\u00e4teln, welches jeweils durch Elisabeth und Ruedi Gehri organisiert wird, auf der Frieswiler-H\u00f6he statt. Allen, und ganz besonders Lisebeth und Ruedi, ganz herzlichen Dank! Und die (spontane) Jubil\u00e4umstorte mit den 10 Kerzen macht den ganzen Anlass perfekt!<\/p>\n","protected":false},"excerpt":{"rendered":"<p>Am Samstag, 15. Juni 2013 reisten wir mit dem Auto bei strahlendem Sonnenschein durch den wundersch\u00f6nen Berner Jura nach Tramelan. Genau 10 Jahre nach unserem ersten gemeinsamen Jodlerfest in Kirchberg. Mit dem Shuttle-Bus gings auf direktem Weg zum Alphornplatz \u2013 wo wir eigentlich (noch) gar nicht hin wollten. Aber \u201eH\u00f6rner\u201c machen offenbar Leute&#8230; Mit Kaffee [&hellip;]<\/p>\n","protected":false},"author":1,"featured_media":0,"parent":0,"menu_order":0,"comment_status":"closed","ping_status":"closed","template":"","meta":{"footnotes":""},"class_list":["post-1961","page","type-page","status-publish","hentry"],"_links":{"self":[{"href":"https:\/\/chutzegruess.ch\/index.php?rest_route=\/wp\/v2\/pages\/1961","targetHints":{"allow":["GET"]}}],"collection":[{"href":"https:\/\/chutzegruess.ch\/index.php?rest_route=\/wp\/v2\/pages"}],"about":[{"href":"https:\/\/chutzegruess.ch\/index.php?rest_route=\/wp\/v2\/types\/page"}],"author":[{"embeddable":true,"href":"https:\/\/chutzegruess.ch\/index.php?rest_route=\/wp\/v2\/users\/1"}],"replies":[{"embeddable":true,"href":"https:\/\/chutzegruess.ch\/index.php?rest_route=%2Fwp%2Fv2%2Fcomments&post=1961"}],"version-history":[{"count":1,"href":"https:\/\/chutzegruess.ch\/index.php?rest_route=\/wp\/v2\/pages\/1961\/revisions"}],"predecessor-version":[{"id":1962,"href":"https:\/\/chutzegruess.ch\/index.php?rest_route=\/wp\/v2\/pages\/1961\/revisions\/1962"}],"wp:attachment":[{"href":"https:\/\/chutzegruess.ch\/index.php?rest_route=%2Fwp%2Fv2%2Fmedia&parent=1961"}],"curies":[{"name":"wp","href":"https:\/\/api.w.org\/{rel}","templated":true}]}}