{"id":1972,"date":"2021-01-02T16:55:25","date_gmt":"2021-01-02T16:55:25","guid":{"rendered":"https:\/\/staging.chutzegruess.ch\/?page_id=1972"},"modified":"2021-01-02T16:55:25","modified_gmt":"2021-01-02T16:55:25","slug":"chutzegruess-reise-2007-reisebericht","status":"publish","type":"page","link":"https:\/\/chutzegruess.ch\/?page_id=1972","title":{"rendered":"Chutzegruess-Reise 2007: Reisebericht"},"content":{"rendered":"\n<p>Die 4. Chutzegruess-Reise fand am Sonntag, 12. August 2007 statt. Die Reise f\u00fchrte uns dem Thuner- und Brienzersee entlang via Br\u00fcnig nach Hasliberg-Rueti. Von dort aus ging es mit der Gondelbahn auf die M\u00e4gisalp auf 1710 m.\u00fc.M. Zu Fuss und mit einem reichhaltigen Ap\u00e9ro im Gep\u00e4ck starteten wir um ca. 12.00 Uhr auf der M\u00e4gislap Richtung Planplatten auf 2235 m.\u00fc.M.<\/p>\n\n\n\n<p>Unterwegs genossen wir die Sonne und die gute Stimmung bei einem Glas Weisswein, Butterzopf, Hobelk\u00e4se und Trockenfleisch!<\/p>\n\n\n\n<p>Gegen 13.00 Uhr erreichten wir schliesslich unser Ziel, das Restaurant AlpenTower auf der Planplatten. Hungrig und vor allem durstig machten wir uns \u00fcber das vorbestellete Mittagessen her und rundeten das ganze mit einigen Alphornkl\u00e4ngen auf der Terrasse ab.<\/p>\n\n\n\n<p>Diesmal mit dem Eagle Express gings talw\u00e4rts via M\u00e4gisalp nach Hasliberg-Reuti. Auf dem Heimweg erfreuten wir die zahlreichen G\u00e4ste des Restaurants Brienzerburli in Brienz mit Alphorn- und H\u00e4gere-Kl\u00e4ngen und rundeten den Tag mit einem feinen Nachtessen ab.<\/p>\n","protected":false},"excerpt":{"rendered":"<p>Die 4. Chutzegruess-Reise fand am Sonntag, 12. August 2007 statt. Die Reise f\u00fchrte uns dem Thuner- und Brienzersee entlang via Br\u00fcnig nach Hasliberg-Rueti. Von dort aus ging es mit der Gondelbahn auf die M\u00e4gisalp auf 1710 m.\u00fc.M. Zu Fuss und mit einem reichhaltigen Ap\u00e9ro im Gep\u00e4ck starteten wir um ca. 12.00 Uhr auf der M\u00e4gislap [&hellip;]<\/p>\n","protected":false},"author":1,"featured_media":0,"parent":0,"menu_order":0,"comment_status":"closed","ping_status":"closed","template":"","meta":{"footnotes":""},"class_list":["post-1972","page","type-page","status-publish","hentry"],"_links":{"self":[{"href":"https:\/\/chutzegruess.ch\/index.php?rest_route=\/wp\/v2\/pages\/1972","targetHints":{"allow":["GET"]}}],"collection":[{"href":"https:\/\/chutzegruess.ch\/index.php?rest_route=\/wp\/v2\/pages"}],"about":[{"href":"https:\/\/chutzegruess.ch\/index.php?rest_route=\/wp\/v2\/types\/page"}],"author":[{"embeddable":true,"href":"https:\/\/chutzegruess.ch\/index.php?rest_route=\/wp\/v2\/users\/1"}],"replies":[{"embeddable":true,"href":"https:\/\/chutzegruess.ch\/index.php?rest_route=%2Fwp%2Fv2%2Fcomments&post=1972"}],"version-history":[{"count":1,"href":"https:\/\/chutzegruess.ch\/index.php?rest_route=\/wp\/v2\/pages\/1972\/revisions"}],"predecessor-version":[{"id":1973,"href":"https:\/\/chutzegruess.ch\/index.php?rest_route=\/wp\/v2\/pages\/1972\/revisions\/1973"}],"wp:attachment":[{"href":"https:\/\/chutzegruess.ch\/index.php?rest_route=%2Fwp%2Fv2%2Fmedia&parent=1972"}],"curies":[{"name":"wp","href":"https:\/\/api.w.org\/{rel}","templated":true}]}}