{"id":1976,"date":"2021-01-02T16:56:30","date_gmt":"2021-01-02T16:56:30","guid":{"rendered":"https:\/\/staging.chutzegruess.ch\/?page_id=1976"},"modified":"2021-01-02T16:56:30","modified_gmt":"2021-01-02T16:56:30","slug":"eidg-jodlerfest-2005-aarau-festbericht","status":"publish","type":"page","link":"https:\/\/chutzegruess.ch\/?page_id=1976","title":{"rendered":"Eidg. Jodlerfest 2005 Aarau: Festbericht"},"content":{"rendered":"\n<p>Unser 1. Eidg. Jodlerfest, welches vom 17. \u2013 19. Juni 2005 in Aarau stattgefunden hat, war ein grossartiges Erlebnis. Bei wunderbarem Wetter und mit vielen gutgelaunten und fr\u00f6hlichen Menschen durften wird drei unvergessliche Tage erleben.&nbsp;<br><br><strong>Freitagabend<\/strong><br>Bereits am Freitagabend waren Tausende auf den Strassen der Aarauer Altstadt unterwegs. In den zahlreichen Beizli konnte man sich nach Herzenslust bis in die fr\u00fchen Morgenstunden verw\u00f6hnen lassen.&nbsp;<br><br><strong>Wettvortrag<\/strong><br>Am Samstagmorgen galt es dann ernst. Um 10.54 Uhr traten wir mit dem St\u00fcck \u00abAlpenrosen\u00bb von Gilbert Kolly im Innenhof der Neuen Kantonsschule vor die Jury. Die Nervosit\u00e4t war nat\u00fcrlich gross. Doch trotz des nicht fehlerfreien Vortrags waren wir mit unserer Leistung sehr zufrieden. Unser erster Auftritt an einem Eidgen\u00f6ssischen ist mit der Klassierung \u00ab2\u00bb somit gegl\u00fcckt!<br><br><strong>Gem\u00fctlicher Teil<\/strong><br>Nach dem Vortrag gingen wir in den gem\u00fctlichen Teil \u00fcber! Spontane Vortr\u00e4ge im Jodlerdorf, gem\u00fctliches Beisammensein mit anderen Teilnehmern und Besuchern und nat\u00fcrlich der st\u00e4ndige Kampf gegen den immer gr\u00f6sser werdenden Durst liessen den Tag im Flug vergehen.<\/p>\n\n\n\n<p><strong>Mitternachtsspektakel<\/strong><br>Ein weiterer H\u00f6hepunkt fand um Mitternacht auf der von Fackeln erleuchteten Bahnhofstrasse statt. Mehrere Hundert Jodler, Alphornbl\u00e4ser und Treichler trafen sich mit Tausenden von begeisterten Festbesuchern zum gemeinsamen Singen und Musizieren! Die Stimmung war einzigartig! G\u00e4nsehaut pur!&nbsp;<br><br><strong>Festumzug<\/strong><br>Rund 100&#8220;000 Besucherinnen und Besucher s\u00e4umten am Sonntagnachmittag die Strassen von Aarau. Mit den \u00fcber 100 Sujets bildete der Festumzug den Abschluss dieses grossartigen und unvergesslichen Festes.&nbsp;<br><br><strong>Empfang<\/strong><br>Zu Hause wurden wir von unserem \u00abFanklub\u00bb herzlich empfangen! Wir danken allen, die mit uns zusammen unser 1. Eidg. Jodlerfest haben ausklingen lassen! Ein ganz spezielles MERCI geht an Elisabeth und Ruedi Gehri f\u00fcr die spontane Organisation!!<\/p>\n","protected":false},"excerpt":{"rendered":"<p>Unser 1. Eidg. Jodlerfest, welches vom 17. \u2013 19. Juni 2005 in Aarau stattgefunden hat, war ein grossartiges Erlebnis. Bei wunderbarem Wetter und mit vielen gutgelaunten und fr\u00f6hlichen Menschen durften wird drei unvergessliche Tage erleben.&nbsp; FreitagabendBereits am Freitagabend waren Tausende auf den Strassen der Aarauer Altstadt unterwegs. In den zahlreichen Beizli konnte man sich nach [&hellip;]<\/p>\n","protected":false},"author":1,"featured_media":0,"parent":0,"menu_order":0,"comment_status":"closed","ping_status":"closed","template":"","meta":{"footnotes":""},"class_list":["post-1976","page","type-page","status-publish","hentry"],"_links":{"self":[{"href":"https:\/\/chutzegruess.ch\/index.php?rest_route=\/wp\/v2\/pages\/1976","targetHints":{"allow":["GET"]}}],"collection":[{"href":"https:\/\/chutzegruess.ch\/index.php?rest_route=\/wp\/v2\/pages"}],"about":[{"href":"https:\/\/chutzegruess.ch\/index.php?rest_route=\/wp\/v2\/types\/page"}],"author":[{"embeddable":true,"href":"https:\/\/chutzegruess.ch\/index.php?rest_route=\/wp\/v2\/users\/1"}],"replies":[{"embeddable":true,"href":"https:\/\/chutzegruess.ch\/index.php?rest_route=%2Fwp%2Fv2%2Fcomments&post=1976"}],"version-history":[{"count":1,"href":"https:\/\/chutzegruess.ch\/index.php?rest_route=\/wp\/v2\/pages\/1976\/revisions"}],"predecessor-version":[{"id":1977,"href":"https:\/\/chutzegruess.ch\/index.php?rest_route=\/wp\/v2\/pages\/1976\/revisions\/1977"}],"wp:attachment":[{"href":"https:\/\/chutzegruess.ch\/index.php?rest_route=%2Fwp%2Fv2%2Fmedia&parent=1976"}],"curies":[{"name":"wp","href":"https:\/\/api.w.org\/{rel}","templated":true}]}}