{"id":1978,"date":"2021-01-02T16:56:51","date_gmt":"2021-01-02T16:56:51","guid":{"rendered":"https:\/\/staging.chutzegruess.ch\/?page_id=1978"},"modified":"2021-01-02T16:56:51","modified_gmt":"2021-01-02T16:56:51","slug":"chutzegruess-reise-2005-reisebericht","status":"publish","type":"page","link":"https:\/\/chutzegruess.ch\/?page_id=1978","title":{"rendered":"Chutzegruess-Reise 2005: Reisebericht"},"content":{"rendered":"\n<p>Am Morgen, f\u00fcr einige in aller Herrgottsfr\u00fche, sind wir mit dem mit 16 Personen und einer Kiste Gipfeli gef\u00fcllten Kleinbus Richtung Laupen gestartet. Mit den Schienenvelos gings von Laupen bis nach G\u00fcmmenen. Unterwegs, beim wohlverdienten Kaffeehalt konnten wir uns aufw\u00e4rmen und neue Energie f\u00fcr den R\u00fcckweg nach Laupen sammeln.<\/p>\n\n\n\n<p>Von Laupen gings ins sch\u00f6ne Altst\u00e4dtchen vom Le Landeron. Ap\u00e9ro, Ap\u00e9ro! Im Restaurant Vue des Alpes wurden wir bereits zum Mittagessen erwartet. Trotz eisiger Biese haben wir nach dem Essen auf der Terrasse unsere H\u00f6rner gez\u00fcckt. Ein echter Chutzegruess kennt halt keinen Schmerz und spielt trotz Eisz\u00e4pfen an den Ohren stetig weiter!<\/p>\n\n\n\n<p>Am Nachmittag gings weiter nach Le Locle. Auf dem Programm stand die Besichtigung der unterirdischen H\u00f6hlen von Col-des-Roches. Unsere F\u00fchrerin hat uns auf interessante Art und Weise die Geschichte dieses mehrere Jahrhunderte alten Bauwerkes n\u00e4her gebracht. Alphornkl\u00e4nge mal im statt auf dem Berg! Auch das war eine tolle Erfahrung. Wieder am Tageslicht angekommen gings weiter Richtung Neuenburg nach Erlach. Im Rest. Cabane du P\u00e9cheur liessen wir den Tag bei einem Glas Wein und vorz\u00fcglichen Fischspezialit\u00e4ten ausklingen.<\/p>\n\n\n\n<p>Ganz herzlich m\u00f6chten wir an dieser Stelle wiederum Res Kl\u00f6ti f\u00fcr das professionelle R\u00fchren im Benzin und die eindr\u00fccklichen Versuche, unser Fahrzeug mit schierer Willenskraft die H\u00f6hen des Jura empor zu f\u00fchren ganz herzlich danken.<\/p>\n","protected":false},"excerpt":{"rendered":"<p>Am Morgen, f\u00fcr einige in aller Herrgottsfr\u00fche, sind wir mit dem mit 16 Personen und einer Kiste Gipfeli gef\u00fcllten Kleinbus Richtung Laupen gestartet. Mit den Schienenvelos gings von Laupen bis nach G\u00fcmmenen. Unterwegs, beim wohlverdienten Kaffeehalt konnten wir uns aufw\u00e4rmen und neue Energie f\u00fcr den R\u00fcckweg nach Laupen sammeln. Von Laupen gings ins sch\u00f6ne Altst\u00e4dtchen [&hellip;]<\/p>\n","protected":false},"author":1,"featured_media":0,"parent":0,"menu_order":0,"comment_status":"closed","ping_status":"closed","template":"","meta":{"footnotes":""},"class_list":["post-1978","page","type-page","status-publish","hentry"],"_links":{"self":[{"href":"https:\/\/chutzegruess.ch\/index.php?rest_route=\/wp\/v2\/pages\/1978","targetHints":{"allow":["GET"]}}],"collection":[{"href":"https:\/\/chutzegruess.ch\/index.php?rest_route=\/wp\/v2\/pages"}],"about":[{"href":"https:\/\/chutzegruess.ch\/index.php?rest_route=\/wp\/v2\/types\/page"}],"author":[{"embeddable":true,"href":"https:\/\/chutzegruess.ch\/index.php?rest_route=\/wp\/v2\/users\/1"}],"replies":[{"embeddable":true,"href":"https:\/\/chutzegruess.ch\/index.php?rest_route=%2Fwp%2Fv2%2Fcomments&post=1978"}],"version-history":[{"count":1,"href":"https:\/\/chutzegruess.ch\/index.php?rest_route=\/wp\/v2\/pages\/1978\/revisions"}],"predecessor-version":[{"id":1979,"href":"https:\/\/chutzegruess.ch\/index.php?rest_route=\/wp\/v2\/pages\/1978\/revisions\/1979"}],"wp:attachment":[{"href":"https:\/\/chutzegruess.ch\/index.php?rest_route=%2Fwp%2Fv2%2Fmedia&parent=1978"}],"curies":[{"name":"wp","href":"https:\/\/api.w.org\/{rel}","templated":true}]}}