{"id":67,"date":"2020-12-29T15:31:18","date_gmt":"2020-12-29T15:31:18","guid":{"rendered":"https:\/\/staging.chutzegruess.ch\/?page_id=67"},"modified":"2025-11-21T17:23:46","modified_gmt":"2025-11-21T17:23:46","slug":"anlaesse","status":"publish","type":"page","link":"https:\/\/chutzegruess.ch\/?page_id=67","title":{"rendered":"Anl\u00e4sse"},"content":{"rendered":"\t\t<div data-elementor-type=\"wp-page\" data-elementor-id=\"67\" class=\"elementor elementor-67\" data-elementor-post-type=\"page\">\n\t\t\t\t\t\t<section class=\"elementor-section elementor-top-section elementor-element elementor-element-468d2d52 elementor-section-boxed elementor-section-height-default elementor-section-height-default\" data-id=\"468d2d52\" data-element_type=\"section\" data-e-type=\"section\">\n\t\t\t\t\t\t<div class=\"elementor-container elementor-column-gap-default\">\n\t\t\t\t\t<div class=\"elementor-column elementor-col-100 elementor-top-column elementor-element elementor-element-4af8aa22\" data-id=\"4af8aa22\" data-element_type=\"column\" data-e-type=\"column\">\n\t\t\t<div class=\"elementor-widget-wrap elementor-element-populated\">\n\t\t\t\t\t\t<div class=\"elementor-element elementor-element-3dd970b0 elementor-widget elementor-widget-text-editor\" data-id=\"3dd970b0\" data-element_type=\"widget\" data-e-type=\"widget\" data-widget_type=\"text-editor.default\">\n\t\t\t\t<div class=\"elementor-widget-container\">\n\t\t\t\t\t\t\t\t\t\n<h2 class=\"wp-block-heading\">Anl\u00e4sse 2019<\/h2>\n<table id=\"tablepress-1\" class=\"tablepress tablepress-id-1\">\n<tbody class=\"row-hover\">\n<tr class=\"row-1\">\n<td class=\"column-1\">8.\u201310.02.2019<\/td>\n<td class=\"column-2\">Skiweekend Saas Grund<\/td>\n<\/tr>\n<tr class=\"row-2\">\n<td class=\"column-1\">15.\/16.06.2019<\/td>\n<td class=\"column-2\">Kant. Jodlerfest Brienz<\/td>\n<\/tr>\n<tr class=\"row-3\">\n<td class=\"column-1\">24.08.2019<\/td>\n<td class=\"column-2\">Chutzegruess-Reise<\/td>\n<\/tr>\n<tr class=\"row-4\">\n<td class=\"column-1\">26.08.2019<\/td>\n<td class=\"column-2\">Ap\u00e9ro auf dem Gurten <a href=\"http:\/\/www.corlas2019.org\/program\/scientific-program\" rel=\"noopener\" target=\"_blank\">(CORLAS 2019)<\/a><\/td>\n<\/tr>\n<tr class=\"row-5\">\n<td class=\"column-1\">28.09.2019<\/td>\n<td class=\"column-2\">VOLG Jassturnier auf den Sch\u00fcpberg<\/td>\n<\/tr>\n<\/tbody>\n<\/table>\n\n<h2 class=\"wp-block-heading\">Anl\u00e4sse 2018<\/h2>\n<table id=\"tablepress-2\" class=\"tablepress tablepress-id-2\">\n<tbody class=\"row-striping row-hover\">\n<tr class=\"row-1\">\n<td class=\"column-1\">16.\u201318.01.2018<\/td>\n<td class=\"column-2\">Skiweekend Saas Grund<\/td>\n<\/tr>\n<tr class=\"row-2\">\n<td class=\"column-1\">16.\/17.06.2018<\/td>\n<td class=\"column-2\">Kant. Jodlerfest Wangen an der Aare<\/td>\n<\/tr>\n<tr class=\"row-3\">\n<td class=\"column-1\">15.07.2018<\/td>\n<td class=\"column-2\">Chutzegruess-Reise<\/td>\n<\/tr>\n<tr class=\"row-4\">\n<td class=\"column-1\">01.08.2017<\/td>\n<td class=\"column-2\">Domicil Wildermettpark Bern<\/td>\n<\/tr>\n<\/tbody>\n<\/table>\n\n<h2 class=\"wp-block-heading\">Anl\u00e4sse 2017<\/h2>\n<table id=\"tablepress-3\" class=\"tablepress tablepress-id-3\">\n<tbody class=\"row-striping row-hover\">\n<tr class=\"row-1\">\n<td class=\"column-1\">18.\/19.01.2017<\/td>\n<td class=\"column-2\">Skiweekend Kandersteg<\/td>\n<\/tr>\n<tr class=\"row-2\">\n<td class=\"column-1\">23.-25.06.2017<\/td>\n<td class=\"column-2\">Eidg. Jodlerfest Brig<\/td>\n<\/tr>\n<tr class=\"row-3\">\n<td class=\"column-1\">01.07.2017<\/td>\n<td class=\"column-2\">Polo Schweizermeisterschaft, Wichtrach<\/td>\n<\/tr>\n<tr class=\"row-4\">\n<td class=\"column-1\">09.07.2017<\/td>\n<td class=\"column-2\">Chutzegruess-Reise<\/td>\n<\/tr>\n<tr class=\"row-5\">\n<td class=\"column-1\">01.08.2017<\/td>\n<td class=\"column-2\">Domicil Alexandra Bern<\/td>\n<\/tr>\n<\/tbody>\n<\/table>\n\n<h2 class=\"wp-block-heading\">Anl\u00e4sse 2016<\/h2>\n<table id=\"tablepress-4\" class=\"tablepress tablepress-id-4\">\n<tbody class=\"row-striping row-hover\">\n<tr class=\"row-1\">\n<td class=\"column-1\">30.\/31.01.2016<\/td>\n<td class=\"column-2\">Skiweekend Kandersteg<\/td>\n<\/tr>\n<tr class=\"row-2\">\n<td class=\"column-1\">06.06.2016<\/td>\n<td class=\"column-2\">Empfang Regierungspr\u00e4sidentin Beatrice Simon<\/td>\n<\/tr>\n<tr class=\"row-3\">\n<td class=\"column-1\">25.\/26.06.2016<\/td>\n<td class=\"column-2\">Kant. Jodlerfest Sch\u00fcpfheim<\/td>\n<\/tr>\n<tr class=\"row-4\">\n<td class=\"column-1\">07.08.2016<\/td>\n<td class=\"column-2\">Chutzegruess-Reise<\/td>\n<\/tr>\n<tr class=\"row-5\">\n<td class=\"column-1\">14.08.2016<\/td>\n<td class=\"column-2\">Oldtimer-Treffen Seedorf<\/td>\n<\/tr>\n<tr class=\"row-6\">\n<td class=\"column-1\">11.09.2016<\/td>\n<td class=\"column-2\">Seel\u00e4ndisches Jodlertreffen Rapperswil<\/td>\n<\/tr>\n<\/tbody>\n<\/table>\n\n<h2 class=\"wp-block-heading\">Anl\u00e4sse 2015<\/h2>\n<table id=\"tablepress-5\" class=\"tablepress tablepress-id-5\">\n<tbody class=\"row-striping row-hover\">\n<tr class=\"row-1\">\n<td class=\"column-1\">12.01.2015<\/td>\n<td class=\"column-2\">Geburtstagsst\u00e4ndli<\/td>\n<\/tr>\n<tr class=\"row-2\">\n<td class=\"column-1\">07.\/08. M\u00e4rz 2015<\/td>\n<td class=\"column-2\">Skiweekend Engstiligenalp<\/td>\n<\/tr>\n<tr class=\"row-3\">\n<td class=\"column-1\">08.05.2015<\/td>\n<td class=\"column-2\">Rathauskeller Aarberg<\/td>\n<\/tr>\n<tr class=\"row-4\">\n<td class=\"column-1\">19.-21.06.2015<\/td>\n<td class=\"column-2\">Kant. Jodlerfest Hasle-R\u00fcegsau<\/td>\n<\/tr>\n<tr class=\"row-5\">\n<td class=\"column-1\">26.07.2015 <\/td>\n<td class=\"column-2\">Chutzegruess-Reise<\/td>\n<\/tr>\n<tr class=\"row-6\">\n<td class=\"column-1\">01.08.2015<\/td>\n<td class=\"column-2\">Ap\u00e9ro Alterszentrum Ins<\/td>\n<\/tr>\n<tr class=\"row-7\">\n<td class=\"column-1\">01.08.2015<\/td>\n<td class=\"column-2\">St\u00e4ndli Domicil Wildermettpark<\/td>\n<\/tr>\n<tr class=\"row-8\">\n<td class=\"column-1\">01.08.2015<\/td>\n<td class=\"column-2\">St\u00e4ndli Schlosshotel Thun<\/td>\n<\/tr>\n<tr class=\"row-9\">\n<td class=\"column-1\">29.08.2015<\/td>\n<td class=\"column-2\">Fest Alters- und Pflegeheim Sch\u00fcpfen<\/td>\n<\/tr>\n<tr class=\"row-10\">\n<td class=\"column-1\">26.\/27.09.2015<\/td>\n<td class=\"column-2\">Expo 2015 Mailand<\/td>\n<\/tr>\n<tr class=\"row-11\">\n<td class=\"column-1\">14.10.2015<\/td>\n<td class=\"column-2\">Anlass auf dem Niesen<\/td>\n<\/tr>\n<tr class=\"row-12\">\n<td class=\"column-1\">31.10.2015<\/td>\n<td class=\"column-2\">Oktoberfest Domicil Alexandra<\/td>\n<\/tr>\n<\/tbody>\n<\/table>\n\n<h2 class=\"wp-block-heading\">Anl\u00e4sse 2014<\/h2>\n<table id=\"tablepress-6\" class=\"tablepress tablepress-id-6\">\n<tbody class=\"row-striping row-hover\">\n<tr class=\"row-1\">\n<td class=\"column-1\">08.\/09. M\u00e4rz 2014<\/td>\n<td class=\"column-2\">Skiweekend Engstiligenalp<\/td>\n<\/tr>\n<tr class=\"row-2\">\n<td class=\"column-1\">13.04.2014<\/td>\n<td class=\"column-2\">Umrahmung Gottesdienst in der Kirche Grossaffoltern<\/td>\n<\/tr>\n<tr class=\"row-3\">\n<td class=\"column-1\">16.05.2014<\/td>\n<td class=\"column-2\">Umrahmung Firmenanlass Ypsomed in Solothurn<\/td>\n<\/tr>\n<tr class=\"row-4\">\n<td class=\"column-1\">15.06.2014<\/td>\n<td class=\"column-2\">Umrahmung Dorfzmorge in Hagneck<\/td>\n<\/tr>\n<tr class=\"row-5\">\n<td class=\"column-1\">04.-06.07.2014<\/td>\n<td class=\"column-2\">Eidg. Jodlerfest Davos Klosters<\/td>\n<\/tr>\n<tr class=\"row-6\">\n<td class=\"column-1\">01.08.2014<\/td>\n<td class=\"column-2\">Ap\u00e9ro Domicil Sch\u00f6negg, Bern<\/td>\n<\/tr>\n<tr class=\"row-7\">\n<td class=\"column-1\">01.08.2014<\/td>\n<td class=\"column-2\">1. August-Feier Domicil Wildermettpark, Bern<\/td>\n<\/tr>\n<tr class=\"row-8\">\n<td class=\"column-1\">03.08.2014<\/td>\n<td class=\"column-2\">Chutzegruess-Reise<\/td>\n<\/tr>\n<\/tbody>\n<\/table>\n\n<h2 class=\"wp-block-heading\">Anl\u00e4sse 2013<\/h2>\n<table id=\"tablepress-7\" class=\"tablepress tablepress-id-7\">\n<tbody class=\"row-striping row-hover\">\n<tr class=\"row-1\">\n<td class=\"column-1\">09.\/10. M\u00e4rz 2013<\/td>\n<td class=\"column-2\">Skiweekend Engstiligenalp<\/td>\n<\/tr>\n<tr class=\"row-2\">\n<td class=\"column-1\">15.05.2013<\/td>\n<td class=\"column-2\">150-Jahr-Jubil\u00e4um SAC Sektion Bern<\/td>\n<\/tr>\n<tr class=\"row-3\">\n<td class=\"column-1\">14.-16.06.2013<\/td>\n<td class=\"column-2\">Kant. Jodlerfest in Tramelan: <a href=\"https:\/\/chutzegruess.ch\/?page_id=1961\">(Festbericht)<\/a><\/td>\n<\/tr>\n<tr class=\"row-4\">\n<td class=\"column-1\">20.06.2013<\/td>\n<td class=\"column-2\">Er\u00f6ffnung Mountainbike-EM in Bern<\/td>\n<\/tr>\n<tr class=\"row-5\">\n<td class=\"column-1\">27.07.2013<\/td>\n<td class=\"column-2\">Privatanlass<\/td>\n<\/tr>\n<tr class=\"row-6\">\n<td class=\"column-1\">01.08.2013<\/td>\n<td class=\"column-2\">Ap\u00e9ro Domicil Sch\u00f6negg, Bern<\/td>\n<\/tr>\n<tr class=\"row-7\">\n<td class=\"column-1\">04.08.2013<\/td>\n<td class=\"column-2\">(Chutzegruess-)H\u00e4gere-Reise<\/td>\n<\/tr>\n<\/tbody>\n<\/table>\n\n<h2 class=\"wp-block-heading\">Anl\u00e4sse 2012<\/h2>\n<table id=\"tablepress-8\" class=\"tablepress tablepress-id-8\">\n<tbody class=\"row-striping row-hover\">\n<tr class=\"row-1\">\n<td class=\"column-1\">03.06.2012<\/td>\n<td class=\"column-2\">Geburtstags-St\u00e4ndli<\/td>\n<\/tr>\n<tr class=\"row-2\">\n<td class=\"column-1\">15.-17.06.2012<\/td>\n<td class=\"column-2\">Kant. Jodlerfest Schwarzenburg<\/td>\n<\/tr>\n<tr class=\"row-3\">\n<td class=\"column-1\">15.07.2012<\/td>\n<td class=\"column-2\">Chutzegruess-H\u00e4gere-Reise<\/td>\n<\/tr>\n<tr class=\"row-4\">\n<td class=\"column-1\">21.09.2012<\/td>\n<td class=\"column-2\">Hochzeits-St\u00e4ndli<\/td>\n<\/tr>\n<tr class=\"row-5\">\n<td class=\"column-1\">25.11.2012<\/td>\n<td class=\"column-2\">Konzert Akkordeonorchester Aarberg-Kallnach<\/td>\n<\/tr>\n<\/tbody>\n<\/table>\n\n<h2 class=\"wp-block-heading\">Anl\u00e4sse 2011<\/h2>\n<table id=\"tablepress-9\" class=\"tablepress tablepress-id-9\">\n<tbody class=\"row-striping row-hover\">\n<tr class=\"row-1\">\n<td class=\"column-1\">02.05.2011<\/td>\n<td class=\"column-2\">Tagung UNICEF, Paul Klee Zentrum Bern<\/td>\n<\/tr>\n<tr class=\"row-2\">\n<td class=\"column-1\">17.-19.06.2011<\/td>\n<td class=\"column-2\">Eidg. Jodlerfest in Interlaken<\/td>\n<\/tr>\n<tr class=\"row-3\">\n<td class=\"column-1\">01.08.2011<\/td>\n<td class=\"column-2\">Ap\u00e9ro 1. August- Wanderung EG Seedorf<\/td>\n<\/tr>\n<tr class=\"row-4\">\n<td class=\"column-1\">07.08.2011<\/td>\n<td class=\"column-2\">(Chutzegruess-)H\u00e4gere-Reise<\/td>\n<\/tr>\n<tr class=\"row-5\">\n<td class=\"column-1\">19.08.2011<\/td>\n<td class=\"column-2\">Musig-Bistro in Sch\u00fcpfen<\/td>\n<\/tr>\n<tr class=\"row-6\">\n<td class=\"column-1\">29.11.2011<\/td>\n<td class=\"column-2\">Teilnahme am Konzert des Jodlerklubs Lobsigen<\/td>\n<\/tr>\n<\/tbody>\n<\/table>\n\n<h2 class=\"wp-block-heading\">Anl\u00e4sse 2010<\/h2>\n<table id=\"tablepress-10\" class=\"tablepress tablepress-id-10\">\n<tbody class=\"row-hover\">\n<tr class=\"row-1\">\n<td class=\"column-1\">26.06.2010<\/td>\n<td class=\"column-2\">Einweihnung <a href=\"https:\/\/chutzenturm.ch\/\" rel=\"noopener\" target=\"_blank\">Chutzenturm<\/a><\/td>\n<\/tr>\n<tr class=\"row-2\">\n<td class=\"column-1\">03. \/04.07.2010<\/td>\n<td class=\"column-2\">Nordostschweizerisches Jodlerfest in Schaffhausen<\/td>\n<\/tr>\n<tr class=\"row-3\">\n<td class=\"column-1\">21.08.2010<\/td>\n<td class=\"column-2\">Umrahmen Hochzeitsfeier<\/td>\n<\/tr>\n<tr class=\"row-4\">\n<td class=\"column-1\">19.09.2010<\/td>\n<td class=\"column-2\">\u00f6kum. Gottesdienst in Bethlehem<\/td>\n<\/tr>\n<tr class=\"row-5\">\n<td class=\"column-1\">26.09.2010<\/td>\n<td class=\"column-2\">Chutzegruess-Reise<\/td>\n<\/tr>\n<\/tbody>\n<\/table>\n\n<h2 class=\"wp-block-heading\">Anl\u00e4sse 2009<\/h2>\n<table id=\"tablepress-11\" class=\"tablepress tablepress-id-11\">\n<tbody class=\"row-hover\">\n<tr class=\"row-1\">\n<td class=\"column-1\">13.\/14.06.2009<\/td>\n<td class=\"column-2\">Kant. Jodlerfest in Gstaad <\/td>\n<\/tr>\n<tr class=\"row-2\">\n<td class=\"column-1\">26.07.2009<\/td>\n<td class=\"column-2\">Chutzegruess-Reise<\/td>\n<\/tr>\n<tr class=\"row-3\">\n<td class=\"column-1\">20.08.2009<\/td>\n<td class=\"column-2\">Auftritt im Hotel Mont-Vully<\/td>\n<\/tr>\n<\/tbody>\n<\/table>\n\n<h2 class=\"wp-block-heading\">Anl\u00e4sse 2008<\/h2>\n<table id=\"tablepress-12\" class=\"tablepress tablepress-id-12\">\n<tbody class=\"row-hover\">\n<tr class=\"row-1\">\n<td class=\"column-1\">09.05.2008<\/td>\n<td class=\"column-2\">Geburtstags-St\u00e4ndli<\/td>\n<\/tr>\n<tr class=\"row-2\">\n<td class=\"column-1\">07.06.2008<\/td>\n<td class=\"column-2\">Geburtstags-St\u00e4ndli<\/td>\n<\/tr>\n<tr class=\"row-3\">\n<td class=\"column-1\">28.\/29.06.2008<\/td>\n<td class=\"column-2\">Eidg. Jodlerfest in Luzern<\/td>\n<\/tr>\n<tr class=\"row-4\">\n<td class=\"column-1\">27.07.2008<\/td>\n<td class=\"column-2\">Chutzegruess-Reise<\/td>\n<\/tr>\n<tr class=\"row-5\">\n<td class=\"column-1\">01.08.2008<\/td>\n<td class=\"column-2\">St\u00e4ndli auf dem Chutzen<\/td>\n<\/tr>\n<tr class=\"row-6\">\n<td class=\"column-1\">28.11.2008<\/td>\n<td class=\"column-2\">Schlussfeier Beijing von swiss olympic in Ittigen<\/td>\n<\/tr>\n<\/tbody>\n<\/table>\n\n<h2 class=\"wp-block-heading\">Anl\u00e4sse 2007<\/h2>\n<table id=\"tablepress-13\" class=\"tablepress tablepress-id-13\">\n<tbody class=\"row-hover\">\n<tr class=\"row-1\">\n<td class=\"column-1\">21.04.2007<\/td>\n<td class=\"column-2\">Kurs im PZ M\u00fcnsingen<\/td>\n<\/tr>\n<tr class=\"row-2\">\n<td class=\"column-1\">12.05.2007<\/td>\n<td class=\"column-2\">Festm\u00e4ssige Vorprobe in Oberburg<\/td>\n<\/tr>\n<tr class=\"row-3\">\n<td class=\"column-1\">16.\/17.06.2007<\/td>\n<td class=\"column-2\">Kant. Jodlerfest in Huttwil <a href=\"https:\/\/chutzegruess.ch\/?page_id=1970\">(Festbericht)<\/a><\/td>\n<\/tr>\n<tr class=\"row-4\">\n<td class=\"column-1\">12.08.2007<\/td>\n<td class=\"column-2\">Chutzegruess-Reise <a href=\"https:\/\/chutzegruess.ch\/?page_id=1972\">(Reisebericht)<\/a><\/td>\n<\/tr>\n<tr class=\"row-5\">\n<td class=\"column-1\">18.08.2007<\/td>\n<td class=\"column-2\">Dorffest Seedorf<\/td>\n<\/tr>\n<tr class=\"row-6\">\n<td class=\"column-1\">08.09.2007<\/td>\n<td class=\"column-2\">Firmenanlass Post IT in Belp (Flugplatz)<\/td>\n<\/tr>\n<tr class=\"row-7\">\n<td class=\"column-1\">10.09.2007<\/td>\n<td class=\"column-2\">Firmenanlass in Murten<\/td>\n<\/tr>\n<tr class=\"row-8\">\n<td class=\"column-1\">30.09.2007<\/td>\n<td class=\"column-2\">Geburtstags-St\u00e4nd<\/td>\n<\/tr>\n<\/tbody>\n<\/table>\n\n<h2 class=\"wp-block-heading\">Anl\u00e4sse 2006<\/h2>\n<table id=\"tablepress-14\" class=\"tablepress tablepress-id-14\">\n<tbody class=\"row-hover\">\n<tr class=\"row-1\">\n<td class=\"column-1\">10.\/12.03.2006<\/td>\n<td class=\"column-2\">Abendmusik Spielkreis Wabern<\/td>\n<\/tr>\n<tr class=\"row-2\">\n<td class=\"column-1\">15.04.2006<\/td>\n<td class=\"column-2\">Traktoren Oltimer-Treffen in Wiler<\/td>\n<\/tr>\n<tr class=\"row-3\">\n<td class=\"column-1\">09.-11.06.2006<\/td>\n<td class=\"column-2\">Westschweizerisches Jodlerfest in Rechthalten<\/td>\n<\/tr>\n<tr class=\"row-4\">\n<td class=\"column-1\">16.-18.06.2006<\/td>\n<td class=\"column-2\">Bernisch Kantonales Jodlerfest in Biel<\/td>\n<\/tr>\n<tr class=\"row-5\">\n<td class=\"column-1\">01.\/02.08.2006<\/td>\n<td class=\"column-2\">Wengen, mit Alhorngruppe Alte Aare Seeland<\/td>\n<\/tr>\n<tr class=\"row-6\">\n<td class=\"column-1\">12.08.2006<\/td>\n<td class=\"column-2\">Geburtstags-St\u00e4ndli in Dampfwil<\/td>\n<\/tr>\n<tr class=\"row-7\">\n<td class=\"column-1\">17.09.2006<\/td>\n<td class=\"column-2\">Umrahmung \u00d6kum. Gottesdienst in Bethlehem (Bettag)<\/td>\n<\/tr>\n<tr class=\"row-8\">\n<td class=\"column-1\">29.10.2006<\/td>\n<td class=\"column-2\">Chutzegruess-Reise <a href=\"https:\/\/chutzegruess.ch\/?page_id=1974\">(Reisebericht)<\/a><\/td>\n<\/tr>\n<tr class=\"row-9\">\n<td class=\"column-1\">03.12.2006<\/td>\n<td class=\"column-2\">Weihnachtsmarkt Schloss K\u00f6niz<\/td>\n<\/tr>\n<\/tbody>\n<\/table>\n\n<h2 class=\"wp-block-heading\">Anl\u00e4sse 2005<\/h2>\n<table id=\"tablepress-15\" class=\"tablepress tablepress-id-15\">\n<tbody class=\"row-hover\">\n<tr class=\"row-1\">\n<td class=\"column-1\">08.01.2005<\/td>\n<td class=\"column-2\">Burgerneujahr Aarberg<\/td>\n<\/tr>\n<tr class=\"row-2\">\n<td class=\"column-1\">12.\/13.02.2005<\/td>\n<td class=\"column-2\">Winterkonzert Musikgesellschaft Lobsigen<\/td>\n<\/tr>\n<tr class=\"row-3\">\n<td class=\"column-1\">23.04.2005<\/td>\n<td class=\"column-2\">Kurs im PZ M\u00fcnsingen<\/td>\n<\/tr>\n<tr class=\"row-4\">\n<td class=\"column-1\">05.05.2005<\/td>\n<td class=\"column-2\">Konzert mit den Frienisberger Blasmusikanten in Nesselwang DE<\/td>\n<\/tr>\n<tr class=\"row-5\">\n<td class=\"column-1\">14.05.2005<\/td>\n<td class=\"column-2\">Wettblasen in K\u00fcssnacht am Rigi<\/td>\n<\/tr>\n<tr class=\"row-6\">\n<td class=\"column-1\">20.05.2005<\/td>\n<td class=\"column-2\">Vorbereitungsanlass auf das Eidg. Jodlerfest in Aarau<\/td>\n<\/tr>\n<tr class=\"row-7\">\n<td class=\"column-1\">17.-19.06.2005<\/td>\n<td class=\"column-2\">Eidg. Jodlerfest in Aarau <a href=\"https:\/\/chutzegruess.ch\/?page_id=1976\">(Festbericht)<\/a><\/td>\n<\/tr>\n<tr class=\"row-8\">\n<td class=\"column-1\">26.06.2005<\/td>\n<td class=\"column-2\">Auftritt beim Dreh des Sommerfilms des Loly<\/td>\n<\/tr>\n<tr class=\"row-9\">\n<td class=\"column-1\">22.-24.07.2005<\/td>\n<td class=\"column-2\">Alphornweochenende auf der Hornfluh<\/td>\n<\/tr>\n<tr class=\"row-10\">\n<td class=\"column-1\">01.08.2005<\/td>\n<td class=\"column-2\">Bundesfeier in Seedorf<\/td>\n<\/tr>\n<tr class=\"row-11\">\n<td class=\"column-1\">03.09.2005<\/td>\n<td class=\"column-2\">Hochzeits-Ap\u00e9ro<\/td>\n<\/tr>\n<tr class=\"row-12\">\n<td class=\"column-1\">18.09.2005<\/td>\n<td class=\"column-2\">Chutzegruess-Reise <a href=\"https:\/\/chutzegruess.ch\/?page_id=1978\">(Reisebericht)<\/a><\/td>\n<\/tr>\n<tr class=\"row-13\">\n<td class=\"column-1\">30.09.2005<\/td>\n<td class=\"column-2\">Geburtstagsst\u00e4ndli<\/td>\n<\/tr>\n<tr class=\"row-14\">\n<td class=\"column-1\">30.10.2005<\/td>\n<td class=\"column-2\">Herbsttagung BKJV in Saanen<\/td>\n<\/tr>\n<tr class=\"row-15\">\n<td class=\"column-1\">10.12.2005<\/td>\n<td class=\"column-2\">Ap\u00e9ro Lions Club Seeland<\/td>\n<\/tr>\n<\/tbody>\n<\/table>\n\t\t\t\t\t\t\t\t<\/div>\n\t\t\t\t<\/div>\n\t\t\t\t<div class=\"elementor-element elementor-element-dfa28b7 elementor-widget elementor-widget-spacer\" data-id=\"dfa28b7\" data-element_type=\"widget\" data-e-type=\"widget\" data-widget_type=\"spacer.default\">\n\t\t\t\t<div class=\"elementor-widget-container\">\n\t\t\t\t\t\t\t<div class=\"elementor-spacer\">\n\t\t\t<div class=\"elementor-spacer-inner\"><\/div>\n\t\t<\/div>\n\t\t\t\t\t\t<\/div>\n\t\t\t\t<\/div>\n\t\t\t\t<div class=\"elementor-element elementor-element-7fe36a9 elementor-widget-divider--view-line elementor-widget elementor-widget-divider\" data-id=\"7fe36a9\" data-element_type=\"widget\" data-e-type=\"widget\" data-widget_type=\"divider.default\">\n\t\t\t\t<div class=\"elementor-widget-container\">\n\t\t\t\t\t\t\t<div class=\"elementor-divider\">\n\t\t\t<span class=\"elementor-divider-separator\">\n\t\t\t\t\t\t<\/span>\n\t\t<\/div>\n\t\t\t\t\t\t<\/div>\n\t\t\t\t<\/div>\n\t\t\t\t<div class=\"elementor-element elementor-element-60cf419 elementor-widget elementor-widget-text-editor\" data-id=\"60cf419\" data-element_type=\"widget\" data-e-type=\"widget\" data-widget_type=\"text-editor.default\">\n\t\t\t\t<div class=\"elementor-widget-container\">\n\t\t\t\t\t\t\t\t\t<p><b><span class=\"fs14lh1-5\">Unterst\u00fctzt durch den Lotteriefonds des Kantons Bern.<\/span><\/b><\/p>\t\t\t\t\t\t\t\t<\/div>\n\t\t\t\t<\/div>\n\t\t\t\t<div class=\"elementor-element elementor-element-b645f3c elementor-widget elementor-widget-image\" data-id=\"b645f3c\" data-element_type=\"widget\" data-e-type=\"widget\" data-widget_type=\"image.default\">\n\t\t\t\t<div class=\"elementor-widget-container\">\n\t\t\t\t\t\t\t\t\t\t\t\t\t\t\t<img decoding=\"async\" width=\"300\" height=\"80\" src=\"https:\/\/chutzegruess.ch\/wp-content\/uploads\/2025\/11\/Logo_Lotteriefonds_BE_sw-300x80.png\" class=\"attachment-medium size-medium wp-image-2072\" alt=\"\" srcset=\"https:\/\/chutzegruess.ch\/wp-content\/uploads\/2025\/11\/Logo_Lotteriefonds_BE_sw-300x80.png 300w, https:\/\/chutzegruess.ch\/wp-content\/uploads\/2025\/11\/Logo_Lotteriefonds_BE_sw-1024x272.png 1024w, https:\/\/chutzegruess.ch\/wp-content\/uploads\/2025\/11\/Logo_Lotteriefonds_BE_sw-768x204.png 768w, https:\/\/chutzegruess.ch\/wp-content\/uploads\/2025\/11\/Logo_Lotteriefonds_BE_sw-1536x408.png 1536w, https:\/\/chutzegruess.ch\/wp-content\/uploads\/2025\/11\/Logo_Lotteriefonds_BE_sw.png 1809w\" sizes=\"(max-width: 300px) 100vw, 300px\" \/>\t\t\t\t\t\t\t\t\t\t\t\t\t\t\t<\/div>\n\t\t\t\t<\/div>\n\t\t\t\t\t<\/div>\n\t\t<\/div>\n\t\t\t\t\t<\/div>\n\t\t<\/section>\n\t\t\t\t<\/div>\n\t\t","protected":false},"excerpt":{"rendered":"<p>Anl\u00e4sse 2019 Anl\u00e4sse 2018 Anl\u00e4sse 2017 Anl\u00e4sse 2016 Anl\u00e4sse 2015 Anl\u00e4sse 2014 Anl\u00e4sse 2013 Anl\u00e4sse 2012 Anl\u00e4sse 2011 Anl\u00e4sse 2010 Anl\u00e4sse 2009 Anl\u00e4sse 2008 Anl\u00e4sse 2007 Anl\u00e4sse 2006 Anl\u00e4sse 2005 Unterst\u00fctzt durch den Lotteriefonds des Kantons Bern.<\/p>\n","protected":false},"author":1,"featured_media":0,"parent":0,"menu_order":0,"comment_status":"closed","ping_status":"closed","template":"","meta":{"footnotes":""},"class_list":["post-67","page","type-page","status-publish","hentry"],"_links":{"self":[{"href":"https:\/\/chutzegruess.ch\/index.php?rest_route=\/wp\/v2\/pages\/67","targetHints":{"allow":["GET"]}}],"collection":[{"href":"https:\/\/chutzegruess.ch\/index.php?rest_route=\/wp\/v2\/pages"}],"about":[{"href":"https:\/\/chutzegruess.ch\/index.php?rest_route=\/wp\/v2\/types\/page"}],"author":[{"embeddable":true,"href":"https:\/\/chutzegruess.ch\/index.php?rest_route=\/wp\/v2\/users\/1"}],"replies":[{"embeddable":true,"href":"https:\/\/chutzegruess.ch\/index.php?rest_route=%2Fwp%2Fv2%2Fcomments&post=67"}],"version-history":[{"count":12,"href":"https:\/\/chutzegruess.ch\/index.php?rest_route=\/wp\/v2\/pages\/67\/revisions"}],"predecessor-version":[{"id":2077,"href":"https:\/\/chutzegruess.ch\/index.php?rest_route=\/wp\/v2\/pages\/67\/revisions\/2077"}],"wp:attachment":[{"href":"https:\/\/chutzegruess.ch\/index.php?rest_route=%2Fwp%2Fv2%2Fmedia&parent=67"}],"curies":[{"name":"wp","href":"https:\/\/api.w.org\/{rel}","templated":true}]}}