{"id":82,"date":"2020-12-29T15:32:50","date_gmt":"2020-12-29T15:32:50","guid":{"rendered":"https:\/\/staging.chutzegruess.ch\/?page_id=82"},"modified":"2026-01-15T08:14:32","modified_gmt":"2026-01-15T08:14:32","slug":"home-2","status":"publish","type":"page","link":"https:\/\/chutzegruess.ch\/","title":{"rendered":"Herzlich willkommen"},"content":{"rendered":"\t\t<div data-elementor-type=\"wp-page\" data-elementor-id=\"82\" class=\"elementor elementor-82\" data-elementor-post-type=\"page\">\n\t\t\t\t\t\t<section class=\"elementor-section elementor-top-section elementor-element elementor-element-8cacf40 elementor-section-boxed elementor-section-height-default elementor-section-height-default\" data-id=\"8cacf40\" data-element_type=\"section\" data-e-type=\"section\">\n\t\t\t\t\t\t<div class=\"elementor-container elementor-column-gap-default\">\n\t\t\t\t\t<div class=\"elementor-column elementor-col-100 elementor-top-column elementor-element elementor-element-0c2c764\" data-id=\"0c2c764\" data-element_type=\"column\" data-e-type=\"column\">\n\t\t\t<div class=\"elementor-widget-wrap elementor-element-populated\">\n\t\t\t\t\t\t<div class=\"elementor-element elementor-element-4264293b elementor-widget elementor-widget-text-editor\" data-id=\"4264293b\" data-element_type=\"widget\" data-e-type=\"widget\" data-widget_type=\"text-editor.default\">\n\t\t\t\t<div class=\"elementor-widget-container\">\n\t\t\t\t\t\t\t\t\t<p><\/p>\n<p>Wir heissen Sie auf der Webseite der Alphorn-Formation \u00abChutzegruess\u00bb herzlich willkommen!<\/p>\n<p><\/p>\t\t\t\t\t\t\t\t<\/div>\n\t\t\t\t<\/div>\n\t\t\t\t\t<\/div>\n\t\t<\/div>\n\t\t\t\t\t<\/div>\n\t\t<\/section>\n\t\t\t\t<section class=\"elementor-section elementor-top-section elementor-element elementor-element-0393f8a elementor-section-boxed elementor-section-height-default elementor-section-height-default\" data-id=\"0393f8a\" data-element_type=\"section\" data-e-type=\"section\">\n\t\t\t\t\t\t<div class=\"elementor-container elementor-column-gap-default\">\n\t\t\t\t\t<div class=\"elementor-column elementor-col-66 elementor-top-column elementor-element elementor-element-5447262\" data-id=\"5447262\" data-element_type=\"column\" data-e-type=\"column\">\n\t\t\t<div class=\"elementor-widget-wrap elementor-element-populated\">\n\t\t\t\t\t\t<div class=\"elementor-element elementor-element-fe176ed elementor-widget elementor-widget-image\" data-id=\"fe176ed\" data-element_type=\"widget\" data-e-type=\"widget\" data-widget_type=\"image.default\">\n\t\t\t\t<div class=\"elementor-widget-container\">\n\t\t\t\t\t\t\t\t\t\t\t\t\t\t\t<img fetchpriority=\"high\" decoding=\"async\" width=\"768\" height=\"576\" src=\"https:\/\/chutzegruess.ch\/wp-content\/uploads\/2020\/12\/IMG_7329-768x576.jpeg\" class=\"attachment-medium_large size-medium_large wp-image-1995\" alt=\"\" srcset=\"https:\/\/chutzegruess.ch\/wp-content\/uploads\/2020\/12\/IMG_7329-768x576.jpeg 768w, https:\/\/chutzegruess.ch\/wp-content\/uploads\/2020\/12\/IMG_7329-300x225.jpeg 300w, https:\/\/chutzegruess.ch\/wp-content\/uploads\/2020\/12\/IMG_7329-1024x768.jpeg 1024w, https:\/\/chutzegruess.ch\/wp-content\/uploads\/2020\/12\/IMG_7329-1536x1152.jpeg 1536w, https:\/\/chutzegruess.ch\/wp-content\/uploads\/2020\/12\/IMG_7329-2048x1536.jpeg 2048w\" sizes=\"(max-width: 768px) 100vw, 768px\" \/>\t\t\t\t\t\t\t\t\t\t\t\t\t\t\t<\/div>\n\t\t\t\t<\/div>\n\t\t\t\t\t<\/div>\n\t\t<\/div>\n\t\t\t\t<div class=\"elementor-column elementor-col-33 elementor-top-column elementor-element elementor-element-c4e41a1\" data-id=\"c4e41a1\" data-element_type=\"column\" data-e-type=\"column\">\n\t\t\t<div class=\"elementor-widget-wrap elementor-element-populated\">\n\t\t\t\t\t\t<div class=\"elementor-element elementor-element-2a82368 elementor-widget elementor-widget-text-editor\" data-id=\"2a82368\" data-element_type=\"widget\" data-e-type=\"widget\" data-widget_type=\"text-editor.default\">\n\t\t\t\t<div class=\"elementor-widget-container\">\n\t\t\t\t\t\t\t\t\t<p>Unter dem Namen Chutzegruess begannen im Jahr 2003 Gisela und Chrigu als Alphorn-Duo aufzutreten. Zwischenzeitlich traf man Chutzegruess auch mal als Trio an, bis dann im Jahr 2021 mit Edith und Heidi die heutige Alphorn-Formation Chutzegruess entstand.<\/p>\n<p>Sie tritt entweder als Duo, Trio oder Quartett an verschiedensten privaten und \u00f6ffentlichen Anl\u00e4ssen auf. Die Teilnahme an Kantonalen und Eidgen\u00f6ssischen Jodlerfesten ist jeweils eine grosse Herausforderung und Bereicherung.<\/p>\n<p><!-- \/wp:paragraph --><\/p>\t\t\t\t\t\t\t\t<\/div>\n\t\t\t\t<\/div>\n\t\t\t\t\t<\/div>\n\t\t<\/div>\n\t\t\t\t\t<\/div>\n\t\t<\/section>\n\t\t\t\t<section class=\"elementor-section elementor-top-section elementor-element elementor-element-aa2ad1f elementor-section-boxed elementor-section-height-default elementor-section-height-default\" data-id=\"aa2ad1f\" data-element_type=\"section\" data-e-type=\"section\">\n\t\t\t\t\t\t<div class=\"elementor-container elementor-column-gap-default\">\n\t\t\t\t\t<div class=\"elementor-column elementor-col-100 elementor-top-column elementor-element elementor-element-e9738e5\" data-id=\"e9738e5\" data-element_type=\"column\" data-e-type=\"column\">\n\t\t\t<div class=\"elementor-widget-wrap elementor-element-populated\">\n\t\t\t\t\t\t<div class=\"elementor-element elementor-element-0db66fc elementor-widget elementor-widget-spacer\" data-id=\"0db66fc\" data-element_type=\"widget\" data-e-type=\"widget\" data-widget_type=\"spacer.default\">\n\t\t\t\t<div class=\"elementor-widget-container\">\n\t\t\t\t\t\t\t<div class=\"elementor-spacer\">\n\t\t\t<div class=\"elementor-spacer-inner\"><\/div>\n\t\t<\/div>\n\t\t\t\t\t\t<\/div>\n\t\t\t\t<\/div>\n\t\t\t\t<div class=\"elementor-element elementor-element-5983749 elementor-widget-divider--view-line elementor-widget elementor-widget-divider\" data-id=\"5983749\" data-element_type=\"widget\" data-e-type=\"widget\" data-widget_type=\"divider.default\">\n\t\t\t\t<div class=\"elementor-widget-container\">\n\t\t\t\t\t\t\t<div class=\"elementor-divider\">\n\t\t\t<span class=\"elementor-divider-separator\">\n\t\t\t\t\t\t<\/span>\n\t\t<\/div>\n\t\t\t\t\t\t<\/div>\n\t\t\t\t<\/div>\n\t\t\t\t<div class=\"elementor-element elementor-element-1fe94a3 elementor-widget elementor-widget-text-editor\" data-id=\"1fe94a3\" data-element_type=\"widget\" data-e-type=\"widget\" data-widget_type=\"text-editor.default\">\n\t\t\t\t<div class=\"elementor-widget-container\">\n\t\t\t\t\t\t\t\t\t<h5>Eine Formation der Volksmusikformationen Seedorf.<\/h5>\t\t\t\t\t\t\t\t<\/div>\n\t\t\t\t<\/div>\n\t\t\t\t<div class=\"elementor-element elementor-element-f97c942 elementor-widget elementor-widget-image\" data-id=\"f97c942\" data-element_type=\"widget\" data-e-type=\"widget\" data-widget_type=\"image.default\">\n\t\t\t\t<div class=\"elementor-widget-container\">\n\t\t\t\t\t\t\t\t\t\t\t\t\t\t\t\t<a href=\"http:\/\/volksmusikformationen.ch\" target=\"_blank\">\n\t\t\t\t\t\t\t<img decoding=\"async\" width=\"251\" height=\"300\" src=\"https:\/\/chutzegruess.ch\/wp-content\/uploads\/2025\/11\/Logo-251x300.png\" class=\"attachment-medium size-medium wp-image-2068\" alt=\"\" srcset=\"https:\/\/chutzegruess.ch\/wp-content\/uploads\/2025\/11\/Logo-251x300.png 251w, https:\/\/chutzegruess.ch\/wp-content\/uploads\/2025\/11\/Logo-858x1024.png 858w, https:\/\/chutzegruess.ch\/wp-content\/uploads\/2025\/11\/Logo-768x916.png 768w, https:\/\/chutzegruess.ch\/wp-content\/uploads\/2025\/11\/Logo-1287x1536.png 1287w, https:\/\/chutzegruess.ch\/wp-content\/uploads\/2025\/11\/Logo-1716x2048.png 1716w\" sizes=\"(max-width: 251px) 100vw, 251px\" \/>\t\t\t\t\t\t\t\t<\/a>\n\t\t\t\t\t\t\t\t\t\t\t\t\t\t\t<\/div>\n\t\t\t\t<\/div>\n\t\t\t\t\t<\/div>\n\t\t<\/div>\n\t\t\t\t\t<\/div>\n\t\t<\/section>\n\t\t\t\t<\/div>\n\t\t","protected":false},"excerpt":{"rendered":"<p>Wir heissen Sie auf der Webseite der Alphorn-Formation \u00abChutzegruess\u00bb herzlich willkommen! Unter dem Namen Chutzegruess begannen im Jahr 2003 Gisela und Chrigu als Alphorn-Duo aufzutreten. Zwischenzeitlich traf man Chutzegruess auch mal als Trio an, bis dann im Jahr 2021 mit Edith und Heidi die heutige Alphorn-Formation Chutzegruess entstand. Sie tritt entweder als Duo, Trio oder [&hellip;]<\/p>\n","protected":false},"author":1,"featured_media":0,"parent":0,"menu_order":0,"comment_status":"closed","ping_status":"closed","template":"","meta":{"footnotes":""},"class_list":["post-82","page","type-page","status-publish","hentry"],"_links":{"self":[{"href":"https:\/\/chutzegruess.ch\/index.php?rest_route=\/wp\/v2\/pages\/82","targetHints":{"allow":["GET"]}}],"collection":[{"href":"https:\/\/chutzegruess.ch\/index.php?rest_route=\/wp\/v2\/pages"}],"about":[{"href":"https:\/\/chutzegruess.ch\/index.php?rest_route=\/wp\/v2\/types\/page"}],"author":[{"embeddable":true,"href":"https:\/\/chutzegruess.ch\/index.php?rest_route=\/wp\/v2\/users\/1"}],"replies":[{"embeddable":true,"href":"https:\/\/chutzegruess.ch\/index.php?rest_route=%2Fwp%2Fv2%2Fcomments&post=82"}],"version-history":[{"count":39,"href":"https:\/\/chutzegruess.ch\/index.php?rest_route=\/wp\/v2\/pages\/82\/revisions"}],"predecessor-version":[{"id":2103,"href":"https:\/\/chutzegruess.ch\/index.php?rest_route=\/wp\/v2\/pages\/82\/revisions\/2103"}],"wp:attachment":[{"href":"https:\/\/chutzegruess.ch\/index.php?rest_route=%2Fwp%2Fv2%2Fmedia&parent=82"}],"curies":[{"name":"wp","href":"https:\/\/api.w.org\/{rel}","templated":true}]}}